{"id":8,"date":"2024-05-28T21:06:26","date_gmt":"2024-05-28T19:06:26","guid":{"rendered":"https:\/\/www.dg-fewo.de\/?page_id=8"},"modified":"2025-06-11T10:19:35","modified_gmt":"2025-06-11T08:19:35","slug":"startseite","status":"publish","type":"page","link":"https:\/\/www.dg-fewo.de\/en\/","title":{"rendered":"DG Holiday Apartment"},"content":{"rendered":"<h4 class=\"wp-block-heading\">TLA Ramstein <br>(Temporary Lodging Allowance Ramstein)<\/h4>\n\n\n\n<p>Find all information and impressions including all prices <a href=\"https:\/\/www.dg-fewo.de\/en\/apartments\/\" data-type=\"page\" data-id=\"69\">here<\/a><\/p>\n\n\n\n<p>Do you have any questions or would you like to book? Gladly via our <a href=\"https:\/\/www.dg-fewo.de\/en\/kontakt-und-buchungsanfrage\/\" data-type=\"page\" data-id=\"2\">contact form<\/a>, via phone call under <strong>+49 6371 \/ 952 48 42<\/strong> or via email to <a href=\"\/en\/&\/#x6d;&#x61;&#105;&#108;&#116;o&#x3a;&#x69;&#x6e;&#102;&#111;&#64;d&#x67;&#x2d;&#x66;&#101;&#119;o&#x2e;&#x64;&#x65;\">&#x69;&#x6e;&#102;&#111;&#64;&#x64;&#x67;&#x2d;&#102;ew&#x6f;&#x2e;&#100;&#101;<\/a><\/p>\n\n\n\n<p>Our holiday flat is located here:<br><strong>Jahnstra\u00dfe 2<br>66877 Ramstein-Miesenbach<\/strong><br>Visit <a href=\"https:\/\/maps.app.goo.gl\/rELFGhYE3dWjQG4a7\">Google Maps<\/a> link.<\/p>\n\n\n\n<h4 class=\"wp-block-heading\">We look forward to welcoming you to our holiday flat soon!<\/h4>","protected":false},"excerpt":{"rendered":"<p>TLA Ramstein (Temporary Lodging Allowance Ramstein) Finden Sie alle Informationen und Eindr\u00fccke inklusive aller Preise hier Sie haben Fragen oder m\u00f6chte buchen? Gerne \u00fcber unser Kontaktformular, per Telefon unter +49 6371 \/ 952 48 42 oder auch per E-Mail unter &#x69;n&#x66;&#111;&#64;&#x64;&#103;&#x2d;&#102;e&#x77;&#111;&#x2e;&#100;e Sie finden unsere Ferienwohnung hier:Jahnstra\u00dfe 266877 Ramstein-MiesenbachAuf Google Maps ansehen. Wir freuen uns Sie [&hellip;]<\/p>\n","protected":false},"author":1,"featured_media":208,"parent":0,"menu_order":0,"comment_status":"closed","ping_status":"closed","template":"","meta":{"footnotes":""},"class_list":["post-8","page","type-page","status-publish","has-post-thumbnail","hentry"],"_links":{"self":[{"href":"https:\/\/www.dg-fewo.de\/en\/wp-json\/wp\/v2\/pages\/8","targetHints":{"allow":["GET"]}}],"collection":[{"href":"https:\/\/www.dg-fewo.de\/en\/wp-json\/wp\/v2\/pages"}],"about":[{"href":"https:\/\/www.dg-fewo.de\/en\/wp-json\/wp\/v2\/types\/page"}],"author":[{"embeddable":true,"href":"https:\/\/www.dg-fewo.de\/en\/wp-json\/wp\/v2\/users\/1"}],"replies":[{"embeddable":true,"href":"https:\/\/www.dg-fewo.de\/en\/wp-json\/wp\/v2\/comments?post=8"}],"version-history":[{"count":20,"href":"https:\/\/www.dg-fewo.de\/en\/wp-json\/wp\/v2\/pages\/8\/revisions"}],"predecessor-version":[{"id":214,"href":"https:\/\/www.dg-fewo.de\/en\/wp-json\/wp\/v2\/pages\/8\/revisions\/214"}],"wp:featuredmedia":[{"embeddable":true,"href":"https:\/\/www.dg-fewo.de\/en\/wp-json\/wp\/v2\/media\/208"}],"wp:attachment":[{"href":"https:\/\/www.dg-fewo.de\/en\/wp-json\/wp\/v2\/media?parent=8"}],"curies":[{"name":"wp","href":"https:\/\/api.w.org\/{rel}","templated":true}]}}