{"id":60,"date":"2024-07-07T20:45:28","date_gmt":"2024-07-07T18:45:28","guid":{"rendered":"https:\/\/www.dg-fewo.de\/?page_id=60"},"modified":"2024-07-08T19:48:16","modified_gmt":"2024-07-08T17:48:16","slug":"impressum","status":"publish","type":"page","link":"https:\/\/www.dg-fewo.de\/en\/impressum\/","title":{"rendered":"Imprint"},"content":{"rendered":"<h1 class=\"wp-block-heading\">Diensteanbieter<\/h1>\n\n\n\n<p>Daniel Gai\u00dfmaier<br>Jahnstra\u00dfe 2<br>66877 Ramstein-Miesenbach<br>Deutschland<\/p>\n\n\n\n<h2 class=\"wp-block-heading\" id=\"m56\">Kontaktm\u00f6glichkeiten<\/h2>\n\n\n\n<p>E-Mail-Adresse: &#x69;&#x6e;&#102;o&#64;&#x64;&#x67;&#45;&#102;e&#x77;&#x6f;&#46;&#100;e<br>Phone: +49 6371 \/ 952 48 42<\/p>\n\n\n\n<p><a href=\"https:\/\/datenschutz-generator.de\/\" target=\"_blank\" rel=\"noreferrer noopener\">Erstellt mit kostenlosem Datenschutz-Generator.de von Dr. Thomas Schwenke<\/a><\/p>","protected":false},"excerpt":{"rendered":"<p>Diensteanbieter Daniel Gai\u00dfmaierJahnstra\u00dfe 266877 Ramstein-MiesenbachDeutschland Kontaktm\u00f6glichkeiten E-Mail-Adresse: &#x69;&#x6e;&#x66;&#x6f;&#x40;&#x64;&#x67;&#x2d;&#x66;&#x65;&#x77;&#111;&#46;&#100;&#101;Telefon: +49 6371 952 48 42 Erstellt mit kostenlosem Datenschutz-Generator.de von Dr. Thomas Schwenke<\/p>","protected":false},"author":1,"featured_media":0,"parent":0,"menu_order":0,"comment_status":"closed","ping_status":"closed","template":"","meta":{"footnotes":""},"class_list":["post-60","page","type-page","status-publish","hentry"],"_links":{"self":[{"href":"https:\/\/www.dg-fewo.de\/en\/wp-json\/wp\/v2\/pages\/60","targetHints":{"allow":["GET"]}}],"collection":[{"href":"https:\/\/www.dg-fewo.de\/en\/wp-json\/wp\/v2\/pages"}],"about":[{"href":"https:\/\/www.dg-fewo.de\/en\/wp-json\/wp\/v2\/types\/page"}],"author":[{"embeddable":true,"href":"https:\/\/www.dg-fewo.de\/en\/wp-json\/wp\/v2\/users\/1"}],"replies":[{"embeddable":true,"href":"https:\/\/www.dg-fewo.de\/en\/wp-json\/wp\/v2\/comments?post=60"}],"version-history":[{"count":2,"href":"https:\/\/www.dg-fewo.de\/en\/wp-json\/wp\/v2\/pages\/60\/revisions"}],"predecessor-version":[{"id":114,"href":"https:\/\/www.dg-fewo.de\/en\/wp-json\/wp\/v2\/pages\/60\/revisions\/114"}],"wp:attachment":[{"href":"https:\/\/www.dg-fewo.de\/en\/wp-json\/wp\/v2\/media?parent=60"}],"curies":[{"name":"wp","href":"https:\/\/api.w.org\/{rel}","templated":true}]}}